{"id":74,"date":"2023-09-22T16:01:13","date_gmt":"2023-09-22T14:01:13","guid":{"rendered":"https:\/\/katterjokk.nu\/?page_id=74"},"modified":"2026-01-17T13:13:36","modified_gmt":"2026-01-17T12:13:36","slug":"kontakt","status":"publish","type":"page","link":"https:\/\/katterjokk.nu\/de\/kontakt\/","title":{"rendered":"KONTAKT US"},"content":{"rendered":"<p class=\"wp-block-paragraph\">Wenn Sie Fragen haben oder Informationen w\u00fcnschen,<br>senden Sie bitte eine E-Mail an <strong><span style=\"text-decoration: underline;\">info@katterjokk.nu<\/span><\/strong> <br>Sie k\u00f6nnen uns auch anrufen unter <a href=\"https:\/\/www.google.com\/search?client=safari&amp;rls=en&amp;q=%2B460703006000&amp;ie=UTF-8&amp;oe=UTF-8#\">+46 70 300 60 00<\/a><\/p>","protected":false},"excerpt":{"rendered":"<p>If you have any questions or want some information,please send an email to info@katterjokk.nu You can also call us at +46 70 300 60 00<\/p>","protected":false},"author":235949099,"featured_media":0,"parent":0,"menu_order":0,"comment_status":"closed","ping_status":"closed","template":"","meta":{"_crdt_document":"","footnotes":""},"class_list":["post-74","page","type-page","status-publish","hentry"],"yoast_head":"<!-- This site is optimized with the Yoast SEO plugin v27.4 - https:\/\/yoast.com\/product\/yoast-seo-wordpress\/ -->\n<title>CONTACT US - Accomodation in Riksgr\u00e4nsen Katterj\u00e5kk - Enjoy 10% off your stay !<\/title>\n<meta name=\"description\" content=\"CONTACT US Accomodation in Riksgr\u00e4nsen Katterj\u00e5kk - Enjoy 10% off your stay ! -\" \/>\n<meta name=\"robots\" content=\"index, follow, max-snippet:-1, max-image-preview:large, max-video-preview:-1\" \/>\n<link rel=\"canonical\" href=\"https:\/\/katterjokk.nu\/de\/kontakt\/\" \/>\n<meta property=\"og:locale\" content=\"de_DE\" \/>\n<meta property=\"og:type\" content=\"article\" \/>\n<meta property=\"og:title\" content=\"CONTACT US - Accomodation in Riksgr\u00e4nsen Katterj\u00e5kk - Enjoy 10% off your stay !\" \/>\n<meta property=\"og:description\" content=\"CONTACT US Accomodation in Riksgr\u00e4nsen Katterj\u00e5kk - Enjoy 10% off your stay ! -\" \/>\n<meta property=\"og:url\" content=\"https:\/\/katterjokk.nu\/de\/kontakt\/\" \/>\n<meta property=\"og:site_name\" content=\"Accomodation in Riksgr\u00e4nsen Katterj\u00e5kk - Enjoy 10% off your stay !\" \/>\n<meta property=\"article:modified_time\" content=\"2026-01-17T12:13:36+00:00\" \/>\n<meta property=\"og:image\" content=\"https:\/\/i0.wp.com\/katterjokk.nu\/wp-content\/uploads\/2023\/12\/Lagenheter-Till-Salu-final.png?fit=2048%2C1365&ssl=1\" \/>\n\t<meta property=\"og:image:width\" content=\"2048\" \/>\n\t<meta property=\"og:image:height\" content=\"1365\" \/>\n\t<meta property=\"og:image:type\" content=\"image\/png\" \/>\n<meta name=\"twitter:card\" content=\"summary_large_image\" \/>\n<meta name=\"twitter:label1\" content=\"Gesch\u00e4tzte Lesezeit\" \/>\n\t<meta name=\"twitter:data1\" content=\"1\u00a0Minute\" \/>\n<script type=\"application\/ld+json\" class=\"yoast-schema-graph\">{\"@context\":\"https:\\\/\\\/schema.org\",\"@graph\":[{\"@type\":\"WebPage\",\"@id\":\"https:\\\/\\\/katterjokk.nu\\\/contact\\\/\",\"url\":\"https:\\\/\\\/katterjokk.nu\\\/contact\\\/\",\"name\":\"CONTACT US - Accomodation in Riksgr\u00e4nsen Katterj\u00e5kk - Enjoy 10% off your stay !\",\"isPartOf\":{\"@id\":\"https:\\\/\\\/katterjokk.nu\\\/#website\"},\"datePublished\":\"2023-09-22T14:01:13+00:00\",\"dateModified\":\"2026-01-17T12:13:36+00:00\",\"description\":\"CONTACT US Accomodation in Riksgr\u00e4nsen Katterj\u00e5kk - Enjoy 10% off your stay ! -\",\"breadcrumb\":{\"@id\":\"https:\\\/\\\/katterjokk.nu\\\/contact\\\/#breadcrumb\"},\"inLanguage\":\"de\",\"potentialAction\":[{\"@type\":\"ReadAction\",\"target\":[\"https:\\\/\\\/katterjokk.nu\\\/contact\\\/\"]}]},{\"@type\":\"BreadcrumbList\",\"@id\":\"https:\\\/\\\/katterjokk.nu\\\/contact\\\/#breadcrumb\",\"itemListElement\":[{\"@type\":\"ListItem\",\"position\":1,\"name\":\"Hem\",\"item\":\"https:\\\/\\\/katterjokk.nu\\\/\"},{\"@type\":\"ListItem\",\"position\":2,\"name\":\"CONTACT US\"}]},{\"@type\":\"WebSite\",\"@id\":\"https:\\\/\\\/katterjokk.nu\\\/#website\",\"url\":\"https:\\\/\\\/katterjokk.nu\\\/\",\"name\":\"Katterjokk Apartments - Book your stay in Riksgr\u00e4nsen now !\",\"description\":\"Modern apartments, timeless mountain experiences.\",\"publisher\":{\"@id\":\"https:\\\/\\\/katterjokk.nu\\\/#organization\"},\"alternateName\":\"Accomodation in Riksgr\u00e4nsen - Book your apartment now !\",\"potentialAction\":[{\"@type\":\"SearchAction\",\"target\":{\"@type\":\"EntryPoint\",\"urlTemplate\":\"https:\\\/\\\/katterjokk.nu\\\/?s={search_term_string}\"},\"query-input\":{\"@type\":\"PropertyValueSpecification\",\"valueRequired\":true,\"valueName\":\"search_term_string\"}}],\"inLanguage\":\"de\"},{\"@type\":\"Organization\",\"@id\":\"https:\\\/\\\/katterjokk.nu\\\/#organization\",\"name\":\"Katterjokk Apartments - Book your stay in Riksgr\u00e4nsen now !\",\"url\":\"https:\\\/\\\/katterjokk.nu\\\/\",\"logo\":{\"@type\":\"ImageObject\",\"inLanguage\":\"de\",\"@id\":\"https:\\\/\\\/katterjokk.nu\\\/#\\\/schema\\\/logo\\\/image\\\/\",\"url\":\"https:\\\/\\\/i0.wp.com\\\/katterjokk.nu\\\/wp-content\\\/uploads\\\/2023\\\/12\\\/logo-1-e1702388753918.png?fit=233%2C87&ssl=1\",\"contentUrl\":\"https:\\\/\\\/i0.wp.com\\\/katterjokk.nu\\\/wp-content\\\/uploads\\\/2023\\\/12\\\/logo-1-e1702388753918.png?fit=233%2C87&ssl=1\",\"width\":233,\"height\":87,\"caption\":\"Katterjokk Apartments - Book your stay in Riksgr\u00e4nsen now !\"},\"image\":{\"@id\":\"https:\\\/\\\/katterjokk.nu\\\/#\\\/schema\\\/logo\\\/image\\\/\"}}]}<\/script>\n<!-- \/ Yoast SEO plugin. -->","yoast_head_json":{"title":"CONTACT US - Unterkunft in Riksgr\u00e4nsen Katterj\u00e5kk - Genie\u00dfen Sie 10% Rabatt auf Ihren Aufenthalt!","description":"KONTAKT US Unterkunft in Riksgr\u00e4nsen Katterj\u00e5kk - Genie\u00dfen Sie 10% Rabatt auf Ihren Aufenthalt! -","robots":{"index":"index","follow":"follow","max-snippet":"max-snippet:-1","max-image-preview":"max-image-preview:large","max-video-preview":"max-video-preview:-1"},"canonical":"https:\/\/katterjokk.nu\/de\/kontakt\/","og_locale":"de_DE","og_type":"article","og_title":"CONTACT US - Accomodation in Riksgr\u00e4nsen Katterj\u00e5kk - Enjoy 10% off your stay !","og_description":"CONTACT US Accomodation in Riksgr\u00e4nsen Katterj\u00e5kk - Enjoy 10% off your stay ! -","og_url":"https:\/\/katterjokk.nu\/de\/kontakt\/","og_site_name":"Accomodation in Riksgr\u00e4nsen Katterj\u00e5kk - Enjoy 10% off your stay !","article_modified_time":"2026-01-17T12:13:36+00:00","og_image":[{"url":"https:\/\/i0.wp.com\/katterjokk.nu\/wp-content\/uploads\/2023\/12\/Lagenheter-Till-Salu-final.png?fit=2048%2C1365&ssl=1","width":2048,"height":1365,"type":"image\/png"}],"twitter_card":"summary_large_image","twitter_misc":{"Gesch\u00e4tzte Lesezeit":"1\u00a0Minute"},"schema":{"@context":"https:\/\/schema.org","@graph":[{"@type":"WebPage","@id":"https:\/\/katterjokk.nu\/contact\/","url":"https:\/\/katterjokk.nu\/contact\/","name":"CONTACT US - Unterkunft in Riksgr\u00e4nsen Katterj\u00e5kk - Genie\u00dfen Sie 10% Rabatt auf Ihren Aufenthalt!","isPartOf":{"@id":"https:\/\/katterjokk.nu\/#website"},"datePublished":"2023-09-22T14:01:13+00:00","dateModified":"2026-01-17T12:13:36+00:00","description":"KONTAKT US Unterkunft in Riksgr\u00e4nsen Katterj\u00e5kk - Genie\u00dfen Sie 10% Rabatt auf Ihren Aufenthalt! -","breadcrumb":{"@id":"https:\/\/katterjokk.nu\/contact\/#breadcrumb"},"inLanguage":"de","potentialAction":[{"@type":"ReadAction","target":["https:\/\/katterjokk.nu\/contact\/"]}]},{"@type":"BreadcrumbList","@id":"https:\/\/katterjokk.nu\/contact\/#breadcrumb","itemListElement":[{"@type":"ListItem","position":1,"name":"Hem","item":"https:\/\/katterjokk.nu\/"},{"@type":"ListItem","position":2,"name":"CONTACT US"}]},{"@type":"WebSite","@id":"https:\/\/katterjokk.nu\/#website","url":"https:\/\/katterjokk.nu\/","name":"Katterjokk Apartments - Buchen Sie jetzt Ihren Aufenthalt in Riksgr\u00e4nsen!","description":"Moderne Wohnungen, zeitlose Bergerlebnisse.","publisher":{"@id":"https:\/\/katterjokk.nu\/#organization"},"alternateName":"Accomodation in Riksgr\u00e4nsen - Book your apartment now !","potentialAction":[{"@type":"SearchAction","target":{"@type":"EntryPoint","urlTemplate":"https:\/\/katterjokk.nu\/?s={search_term_string}"},"query-input":{"@type":"PropertyValueSpecification","valueRequired":true,"valueName":"search_term_string"}}],"inLanguage":"de"},{"@type":"Organization","@id":"https:\/\/katterjokk.nu\/#organization","name":"Katterjokk Apartments - Buchen Sie jetzt Ihren Aufenthalt in Riksgr\u00e4nsen!","url":"https:\/\/katterjokk.nu\/","logo":{"@type":"ImageObject","inLanguage":"de","@id":"https:\/\/katterjokk.nu\/#\/schema\/logo\/image\/","url":"https:\/\/i0.wp.com\/katterjokk.nu\/wp-content\/uploads\/2023\/12\/logo-1-e1702388753918.png?fit=233%2C87&ssl=1","contentUrl":"https:\/\/i0.wp.com\/katterjokk.nu\/wp-content\/uploads\/2023\/12\/logo-1-e1702388753918.png?fit=233%2C87&ssl=1","width":233,"height":87,"caption":"Katterjokk Apartments - Book your stay in Riksgr\u00e4nsen now !"},"image":{"@id":"https:\/\/katterjokk.nu\/#\/schema\/logo\/image\/"}}]}},"jetpack_likes_enabled":true,"jetpack_sharing_enabled":true,"jetpack_shortlink":"https:\/\/wp.me\/Pf8QPf-1c","jetpack-related-posts":[{"id":2890,"url":"https:\/\/katterjokk.nu\/de\/","url_meta":{"origin":74,"position":0},"title":"Startseite","author":"ebbehjalmsson71daily","date":"September 13, 2025","format":false,"excerpt":"Unterkunft in Riksgr\u00e4nsen Katterj\u00e5kk Winter 2026: Buchen Sie jetzt Ihre Unterkunft in Riksgr\u00e4nsen - Katterj\u00e5kk !Sichern Sie sich Ihre Wunschtermine zu einem verg\u00fcnstigten Preis durch fr\u00fchzeitige Buchung. (Abonnieren Sie unseren Newsletter und erhalten Sie einen Rabatt von 10% auf Ihren Aufenthalt, g\u00fcltig bis zum 1. Januar) Unterkunft in Riksgr\u00e4nsen Katterj\u00e5kk Pr\u00fcfen Sie Preise, Verf\u00fcgbarkeit und buchen Sie...","rel":"","context":"\u00c4hnlicher Beitrag","block_context":{"text":"\u00c4hnlicher Beitrag","link":""},"img":{"alt_text":"Book your accomodation in Riksgr\u00e4nsen now !","src":"https:\/\/i0.wp.com\/katterjokk.nu\/wp-content\/uploads\/2023\/12\/Lagenheter-Till-Salu-final.png?fit=1200%2C800&ssl=1&resize=350%2C200","width":350,"height":200,"srcset":"https:\/\/i0.wp.com\/katterjokk.nu\/wp-content\/uploads\/2023\/12\/Lagenheter-Till-Salu-final.png?fit=1200%2C800&ssl=1&resize=350%2C200 1x, https:\/\/i0.wp.com\/katterjokk.nu\/wp-content\/uploads\/2023\/12\/Lagenheter-Till-Salu-final.png?fit=1200%2C800&ssl=1&resize=525%2C300 1.5x, https:\/\/i0.wp.com\/katterjokk.nu\/wp-content\/uploads\/2023\/12\/Lagenheter-Till-Salu-final.png?fit=1200%2C800&ssl=1&resize=700%2C400 2x, https:\/\/i0.wp.com\/katterjokk.nu\/wp-content\/uploads\/2023\/12\/Lagenheter-Till-Salu-final.png?fit=1200%2C800&ssl=1&resize=1050%2C600 3x"},"classes":[]},{"id":2826,"url":"https:\/\/katterjokk.nu\/de\/unterkunfte\/","url_meta":{"origin":74,"position":1},"title":"Unsere Wohnungen","author":"ebbehjalmsson71daily","date":"September 6, 2025","format":false,"excerpt":"Unterkunft in Riksgr\u00e4nsen Katterj\u00e5kk Die Wohnungen sind praktisch und komfortabel, neu gebaut vor dem Winter 2024. Jede Wohnung bietet Platz f\u00fcr bis zu 6 Personen. Zwei separate Schlafzimmer und ein Schlafsofa im Wohnzimmer. Die K\u00fcche ist voll ausgestattet und das Badezimmer hat eine Dusche und ein WC. Die Wohnungen...","rel":"","context":"\u00c4hnlicher Beitrag","block_context":{"text":"\u00c4hnlicher Beitrag","link":""},"img":{"alt_text":"","src":"https:\/\/i0.wp.com\/katterjokk.nu\/wp-content\/uploads\/2024\/12\/1an-sovrum.jpg?resize=350%2C200","width":350,"height":200,"srcset":"https:\/\/i0.wp.com\/katterjokk.nu\/wp-content\/uploads\/2024\/12\/1an-sovrum.jpg?resize=350%2C200 1x, https:\/\/i0.wp.com\/katterjokk.nu\/wp-content\/uploads\/2024\/12\/1an-sovrum.jpg?resize=525%2C300 1.5x, https:\/\/i0.wp.com\/katterjokk.nu\/wp-content\/uploads\/2024\/12\/1an-sovrum.jpg?resize=700%2C400 2x, https:\/\/i0.wp.com\/katterjokk.nu\/wp-content\/uploads\/2024\/12\/1an-sovrum.jpg?resize=1050%2C600 3x, https:\/\/i0.wp.com\/katterjokk.nu\/wp-content\/uploads\/2024\/12\/1an-sovrum.jpg?resize=1400%2C800 4x"},"classes":[]},{"id":188,"url":"https:\/\/katterjokk.nu\/de\/buchen\/","url_meta":{"origin":74,"position":2},"title":"Preise und Buchung","author":"ebbehjalmsson71daily","date":"Dezember 4, 2023","format":false,"excerpt":"Enjoy 10% off your stay in Riksgr\u00e4nsen by booking early ! Now open: Winter 2026 reservations in Riksgr\u00e4nsen \u2013 Katterj\u00e5kk. Book early for the best dates and a discounted price with code \"Earlybird\" ! (By booking directly with us,\u00a0you get a 10% discount on your stay !) No payment and\u2026","rel":"","context":"\u00c4hnlicher Beitrag","block_context":{"text":"\u00c4hnlicher Beitrag","link":""},"img":{"alt_text":"","src":"https:\/\/i0.wp.com\/katterjokk.nu\/wp-content\/uploads\/2025\/09\/IMG_2974.jpg?resize=350%2C200&ssl=1","width":350,"height":200,"srcset":"https:\/\/i0.wp.com\/katterjokk.nu\/wp-content\/uploads\/2025\/09\/IMG_2974.jpg?resize=350%2C200&ssl=1 1x, https:\/\/i0.wp.com\/katterjokk.nu\/wp-content\/uploads\/2025\/09\/IMG_2974.jpg?resize=525%2C300&ssl=1 1.5x, https:\/\/i0.wp.com\/katterjokk.nu\/wp-content\/uploads\/2025\/09\/IMG_2974.jpg?resize=700%2C400&ssl=1 2x, https:\/\/i0.wp.com\/katterjokk.nu\/wp-content\/uploads\/2025\/09\/IMG_2974.jpg?resize=1050%2C600&ssl=1 3x, https:\/\/i0.wp.com\/katterjokk.nu\/wp-content\/uploads\/2025\/09\/IMG_2974.jpg?resize=1400%2C800&ssl=1 4x"},"classes":[]},{"id":490,"url":"https:\/\/katterjokk.nu\/de\/betalningen-misslyckades\/","url_meta":{"origin":74,"position":3},"title":"Betalningen misslyckades","author":"","date":"April 6, 2024","format":false,"excerpt":"We're sorry, but your transaction failed to process. Please try again or contact site support.","rel":"","context":"\u00c4hnlicher Beitrag","block_context":{"text":"\u00c4hnlicher Beitrag","link":""},"img":{"alt_text":"","src":"","width":0,"height":0},"classes":[]},{"id":209,"url":"https:\/\/katterjokk.nu\/de\/allgemeine-geschaftsbedingungen\/","url_meta":{"origin":74,"position":4},"title":"Stornierungsbedingungen Katterjokk Apartments","author":"ebbehjalmsson71daily","date":"Dezember 12, 2023","format":false,"excerpt":"Booking onlineWhen booking, 100% of the amount must be paid. A booking is considered validwhen Katterj\u00e5kk Apartments has received the payment, and the booker, has receiveda written confirmation of the booking from Katterj\u00e5kk Apartments.Booking via phone\/emailWhen booking by phone or email, you will receive an invoice for the booking amount(100%).\u2026","rel":"","context":"\u00c4hnlicher Beitrag","block_context":{"text":"\u00c4hnlicher Beitrag","link":""},"img":{"alt_text":"","src":"","width":0,"height":0},"classes":[]},{"id":2648,"url":"https:\/\/katterjokk.nu\/de\/sommer\/","url_meta":{"origin":74,"position":5},"title":"Sommer in Riksgr\u00e4nsen - Katterj\u00e5kk: Arktische Abenteuer unter der Mitternachtssonne","author":"ebbehjalmsson71daily","date":"August 10, 2025","format":false,"excerpt":"Wenn der tiefe Schnee des Winters endlich schmilzt, offenbaren Riksgr\u00e4nsen und Katterj\u00e5kk eine ganz andere Art von Zauber. Hoch \u00fcber dem Polarkreis gelegen, verwandelt sich dieses legend\u00e4re Skigebiet in einen Sommerspielplatz, wo die Sonne kaum untergeht, Wildblumen die T\u00e4ler bedecken und die Berge zu endlosen Erkundungen einladen. Das Mitternachtssonnen-Erlebnis...","rel":"","context":"\u00c4hnlicher Beitrag","block_context":{"text":"\u00c4hnlicher Beitrag","link":""},"img":{"alt_text":"Riksgr\u00e4nsen summer landscape","src":"https:\/\/i0.wp.com\/katterjokk.nu\/wp-content\/uploads\/2023\/11\/21.jpg?resize=350%2C200&ssl=1","width":350,"height":200,"srcset":"https:\/\/i0.wp.com\/katterjokk.nu\/wp-content\/uploads\/2023\/11\/21.jpg?resize=350%2C200&ssl=1 1x, https:\/\/i0.wp.com\/katterjokk.nu\/wp-content\/uploads\/2023\/11\/21.jpg?resize=525%2C300&ssl=1 1.5x, https:\/\/i0.wp.com\/katterjokk.nu\/wp-content\/uploads\/2023\/11\/21.jpg?resize=700%2C400&ssl=1 2x, https:\/\/i0.wp.com\/katterjokk.nu\/wp-content\/uploads\/2023\/11\/21.jpg?resize=1050%2C600&ssl=1 3x, https:\/\/i0.wp.com\/katterjokk.nu\/wp-content\/uploads\/2023\/11\/21.jpg?resize=1400%2C800&ssl=1 4x"},"classes":[]}],"_links":{"self":[{"href":"https:\/\/katterjokk.nu\/de\/wp-json\/wp\/v2\/pages\/74","targetHints":{"allow":["GET"]}}],"collection":[{"href":"https:\/\/katterjokk.nu\/de\/wp-json\/wp\/v2\/pages"}],"about":[{"href":"https:\/\/katterjokk.nu\/de\/wp-json\/wp\/v2\/types\/page"}],"author":[{"embeddable":true,"href":"https:\/\/katterjokk.nu\/de\/wp-json\/wp\/v2\/users\/235949099"}],"replies":[{"embeddable":true,"href":"https:\/\/katterjokk.nu\/de\/wp-json\/wp\/v2\/comments?post=74"}],"version-history":[{"count":7,"href":"https:\/\/katterjokk.nu\/de\/wp-json\/wp\/v2\/pages\/74\/revisions"}],"predecessor-version":[{"id":3207,"href":"https:\/\/katterjokk.nu\/de\/wp-json\/wp\/v2\/pages\/74\/revisions\/3207"}],"wp:attachment":[{"href":"https:\/\/katterjokk.nu\/de\/wp-json\/wp\/v2\/media?parent=74"}],"curies":[{"name":"wp","href":"https:\/\/api.w.org\/{rel}","templated":true}]}}