{"id":74,"date":"2023-09-22T16:01:13","date_gmt":"2023-09-22T14:01:13","guid":{"rendered":"https:\/\/katterjokk.nu\/?page_id=74"},"modified":"2026-01-17T13:13:36","modified_gmt":"2026-01-17T12:13:36","slug":"contacto","status":"publish","type":"page","link":"https:\/\/katterjokk.nu\/es\/contacto\/","title":{"rendered":"CONTACTO"},"content":{"rendered":"<p class=\"wp-block-paragraph\">Si tiene alguna pregunta o desea informaci\u00f3n,<br>env\u00ede un correo electr\u00f3nico a <strong><span style=\"text-decoration: underline;\">info@katterjokk.nu<\/span><\/strong> <br>Tambi\u00e9n puede llamarnos al <a href=\"https:\/\/www.google.com\/search?client=safari&amp;rls=en&amp;q=%2B460703006000&amp;ie=UTF-8&amp;oe=UTF-8#\">+46 70 300 60 00<\/a><\/p>","protected":false},"excerpt":{"rendered":"<p>If you have any questions or want some information,please send an email to info@katterjokk.nu You can also call us at +46 70 300 60 00<\/p>","protected":false},"author":235949099,"featured_media":0,"parent":0,"menu_order":0,"comment_status":"closed","ping_status":"closed","template":"","meta":{"_crdt_document":"","footnotes":""},"class_list":["post-74","page","type-page","status-publish","hentry"],"yoast_head":"<!-- This site is optimized with the Yoast SEO plugin v27.4 - https:\/\/yoast.com\/product\/yoast-seo-wordpress\/ -->\n<title>CONTACT US - Accomodation in Riksgr\u00e4nsen Katterj\u00e5kk - Enjoy 10% off your stay !<\/title>\n<meta name=\"description\" content=\"CONTACT US Accomodation in Riksgr\u00e4nsen Katterj\u00e5kk - Enjoy 10% off your stay ! -\" \/>\n<meta name=\"robots\" content=\"index, follow, max-snippet:-1, max-image-preview:large, max-video-preview:-1\" \/>\n<link rel=\"canonical\" href=\"https:\/\/katterjokk.nu\/es\/contacto\/\" \/>\n<meta property=\"og:locale\" content=\"es_ES\" \/>\n<meta property=\"og:type\" content=\"article\" \/>\n<meta property=\"og:title\" content=\"CONTACT US - Accomodation in Riksgr\u00e4nsen Katterj\u00e5kk - Enjoy 10% off your stay !\" \/>\n<meta property=\"og:description\" content=\"CONTACT US Accomodation in Riksgr\u00e4nsen Katterj\u00e5kk - Enjoy 10% off your stay ! -\" \/>\n<meta property=\"og:url\" content=\"https:\/\/katterjokk.nu\/es\/contacto\/\" \/>\n<meta property=\"og:site_name\" content=\"Accomodation in Riksgr\u00e4nsen Katterj\u00e5kk - Enjoy 10% off your stay !\" \/>\n<meta property=\"article:modified_time\" content=\"2026-01-17T12:13:36+00:00\" \/>\n<meta property=\"og:image\" content=\"https:\/\/i0.wp.com\/katterjokk.nu\/wp-content\/uploads\/2023\/12\/Lagenheter-Till-Salu-final.png?fit=2048%2C1365&ssl=1\" \/>\n\t<meta property=\"og:image:width\" content=\"2048\" \/>\n\t<meta property=\"og:image:height\" content=\"1365\" \/>\n\t<meta property=\"og:image:type\" content=\"image\/png\" \/>\n<meta name=\"twitter:card\" content=\"summary_large_image\" \/>\n<meta name=\"twitter:label1\" content=\"Tiempo de lectura\" \/>\n\t<meta name=\"twitter:data1\" content=\"1 minuto\" \/>\n<script type=\"application\/ld+json\" class=\"yoast-schema-graph\">{\"@context\":\"https:\\\/\\\/schema.org\",\"@graph\":[{\"@type\":\"WebPage\",\"@id\":\"https:\\\/\\\/katterjokk.nu\\\/contact\\\/\",\"url\":\"https:\\\/\\\/katterjokk.nu\\\/contact\\\/\",\"name\":\"CONTACT US - Accomodation in Riksgr\u00e4nsen Katterj\u00e5kk - Enjoy 10% off your stay !\",\"isPartOf\":{\"@id\":\"https:\\\/\\\/katterjokk.nu\\\/#website\"},\"datePublished\":\"2023-09-22T14:01:13+00:00\",\"dateModified\":\"2026-01-17T12:13:36+00:00\",\"description\":\"CONTACT US Accomodation in Riksgr\u00e4nsen Katterj\u00e5kk - Enjoy 10% off your stay ! -\",\"breadcrumb\":{\"@id\":\"https:\\\/\\\/katterjokk.nu\\\/contact\\\/#breadcrumb\"},\"inLanguage\":\"es\",\"potentialAction\":[{\"@type\":\"ReadAction\",\"target\":[\"https:\\\/\\\/katterjokk.nu\\\/contact\\\/\"]}]},{\"@type\":\"BreadcrumbList\",\"@id\":\"https:\\\/\\\/katterjokk.nu\\\/contact\\\/#breadcrumb\",\"itemListElement\":[{\"@type\":\"ListItem\",\"position\":1,\"name\":\"Hem\",\"item\":\"https:\\\/\\\/katterjokk.nu\\\/\"},{\"@type\":\"ListItem\",\"position\":2,\"name\":\"CONTACT US\"}]},{\"@type\":\"WebSite\",\"@id\":\"https:\\\/\\\/katterjokk.nu\\\/#website\",\"url\":\"https:\\\/\\\/katterjokk.nu\\\/\",\"name\":\"Katterjokk Apartments - Book your stay in Riksgr\u00e4nsen now !\",\"description\":\"Modern apartments, timeless mountain experiences.\",\"publisher\":{\"@id\":\"https:\\\/\\\/katterjokk.nu\\\/#organization\"},\"alternateName\":\"Accomodation in Riksgr\u00e4nsen - Book your apartment now !\",\"potentialAction\":[{\"@type\":\"SearchAction\",\"target\":{\"@type\":\"EntryPoint\",\"urlTemplate\":\"https:\\\/\\\/katterjokk.nu\\\/?s={search_term_string}\"},\"query-input\":{\"@type\":\"PropertyValueSpecification\",\"valueRequired\":true,\"valueName\":\"search_term_string\"}}],\"inLanguage\":\"es\"},{\"@type\":\"Organization\",\"@id\":\"https:\\\/\\\/katterjokk.nu\\\/#organization\",\"name\":\"Katterjokk Apartments - Book your stay in Riksgr\u00e4nsen now !\",\"url\":\"https:\\\/\\\/katterjokk.nu\\\/\",\"logo\":{\"@type\":\"ImageObject\",\"inLanguage\":\"es\",\"@id\":\"https:\\\/\\\/katterjokk.nu\\\/#\\\/schema\\\/logo\\\/image\\\/\",\"url\":\"https:\\\/\\\/i0.wp.com\\\/katterjokk.nu\\\/wp-content\\\/uploads\\\/2023\\\/12\\\/logo-1-e1702388753918.png?fit=233%2C87&ssl=1\",\"contentUrl\":\"https:\\\/\\\/i0.wp.com\\\/katterjokk.nu\\\/wp-content\\\/uploads\\\/2023\\\/12\\\/logo-1-e1702388753918.png?fit=233%2C87&ssl=1\",\"width\":233,\"height\":87,\"caption\":\"Katterjokk Apartments - Book your stay in Riksgr\u00e4nsen now !\"},\"image\":{\"@id\":\"https:\\\/\\\/katterjokk.nu\\\/#\\\/schema\\\/logo\\\/image\\\/\"}}]}<\/script>\n<!-- \/ Yoast SEO plugin. -->","yoast_head_json":{"title":"CONTACTO - Alojamiento en Riksgr\u00e4nsen Katterj\u00e5kk - \u00a1Disfrute de 10% de descuento en su estancia!","description":"CONTACTO Alojamiento en Riksgr\u00e4nsen Katterj\u00e5kk - \u00a1Disfrute de 10% de descuento en su estancia! -","robots":{"index":"index","follow":"follow","max-snippet":"max-snippet:-1","max-image-preview":"max-image-preview:large","max-video-preview":"max-video-preview:-1"},"canonical":"https:\/\/katterjokk.nu\/es\/contacto\/","og_locale":"es_ES","og_type":"article","og_title":"CONTACT US - Accomodation in Riksgr\u00e4nsen Katterj\u00e5kk - Enjoy 10% off your stay !","og_description":"CONTACT US Accomodation in Riksgr\u00e4nsen Katterj\u00e5kk - Enjoy 10% off your stay ! -","og_url":"https:\/\/katterjokk.nu\/es\/contacto\/","og_site_name":"Accomodation in Riksgr\u00e4nsen Katterj\u00e5kk - Enjoy 10% off your stay !","article_modified_time":"2026-01-17T12:13:36+00:00","og_image":[{"url":"https:\/\/i0.wp.com\/katterjokk.nu\/wp-content\/uploads\/2023\/12\/Lagenheter-Till-Salu-final.png?fit=2048%2C1365&ssl=1","width":2048,"height":1365,"type":"image\/png"}],"twitter_card":"summary_large_image","twitter_misc":{"Tiempo de lectura":"1 minuto"},"schema":{"@context":"https:\/\/schema.org","@graph":[{"@type":"WebPage","@id":"https:\/\/katterjokk.nu\/contact\/","url":"https:\/\/katterjokk.nu\/contact\/","name":"CONTACTO - Alojamiento en Riksgr\u00e4nsen Katterj\u00e5kk - \u00a1Disfrute de 10% de descuento en su estancia!","isPartOf":{"@id":"https:\/\/katterjokk.nu\/#website"},"datePublished":"2023-09-22T14:01:13+00:00","dateModified":"2026-01-17T12:13:36+00:00","description":"CONTACTO Alojamiento en Riksgr\u00e4nsen Katterj\u00e5kk - \u00a1Disfrute de 10% de descuento en su estancia! -","breadcrumb":{"@id":"https:\/\/katterjokk.nu\/contact\/#breadcrumb"},"inLanguage":"es","potentialAction":[{"@type":"ReadAction","target":["https:\/\/katterjokk.nu\/contact\/"]}]},{"@type":"BreadcrumbList","@id":"https:\/\/katterjokk.nu\/contact\/#breadcrumb","itemListElement":[{"@type":"ListItem","position":1,"name":"Hem","item":"https:\/\/katterjokk.nu\/"},{"@type":"ListItem","position":2,"name":"CONTACT US"}]},{"@type":"WebSite","@id":"https:\/\/katterjokk.nu\/#website","url":"https:\/\/katterjokk.nu\/","name":"Apartamentos Katterjokk - Reserve ahora su estancia en Riksgr\u00e4nsen.","description":"Apartamentos modernos, experiencias intemporales en la monta\u00f1a.","publisher":{"@id":"https:\/\/katterjokk.nu\/#organization"},"alternateName":"Accomodation in Riksgr\u00e4nsen - Book your apartment now !","potentialAction":[{"@type":"SearchAction","target":{"@type":"EntryPoint","urlTemplate":"https:\/\/katterjokk.nu\/?s={search_term_string}"},"query-input":{"@type":"PropertyValueSpecification","valueRequired":true,"valueName":"search_term_string"}}],"inLanguage":"es"},{"@type":"Organization","@id":"https:\/\/katterjokk.nu\/#organization","name":"Apartamentos Katterjokk - Reserve ahora su estancia en Riksgr\u00e4nsen.","url":"https:\/\/katterjokk.nu\/","logo":{"@type":"ImageObject","inLanguage":"es","@id":"https:\/\/katterjokk.nu\/#\/schema\/logo\/image\/","url":"https:\/\/i0.wp.com\/katterjokk.nu\/wp-content\/uploads\/2023\/12\/logo-1-e1702388753918.png?fit=233%2C87&ssl=1","contentUrl":"https:\/\/i0.wp.com\/katterjokk.nu\/wp-content\/uploads\/2023\/12\/logo-1-e1702388753918.png?fit=233%2C87&ssl=1","width":233,"height":87,"caption":"Katterjokk Apartments - Book your stay in Riksgr\u00e4nsen now !"},"image":{"@id":"https:\/\/katterjokk.nu\/#\/schema\/logo\/image\/"}}]}},"jetpack_likes_enabled":true,"jetpack_sharing_enabled":true,"jetpack_shortlink":"https:\/\/wp.me\/Pf8QPf-1c","jetpack-related-posts":[{"id":2890,"url":"https:\/\/katterjokk.nu\/es\/","url_meta":{"origin":74,"position":0},"title":"Inicio","author":"ebbehjalmsson71daily","date":"septiembre 13, 2025","format":false,"excerpt":"Accomodation in Riksgr\u00e4nsen Katterj\u00e5kk Winter 2026: Book your accomodation in Riksgr\u00e4nsen - Katterj\u00e5kk now !Secure your ideal dates at a discounted price by booking early. (Subscribe to our newsletter and receive a 10% discount on your stay, valid until January 1st) Accomodation in Riksgr\u00e4nsen Katterj\u00e5kk Check prices, availability and book\u2026","rel":"","context":"Entrada similar","block_context":{"text":"Entrada similar","link":""},"img":{"alt_text":"Book your accomodation in Riksgr\u00e4nsen now !","src":"https:\/\/i0.wp.com\/katterjokk.nu\/wp-content\/uploads\/2023\/12\/Lagenheter-Till-Salu-final.png?fit=1200%2C800&ssl=1&resize=350%2C200","width":350,"height":200,"srcset":"https:\/\/i0.wp.com\/katterjokk.nu\/wp-content\/uploads\/2023\/12\/Lagenheter-Till-Salu-final.png?fit=1200%2C800&ssl=1&resize=350%2C200 1x, https:\/\/i0.wp.com\/katterjokk.nu\/wp-content\/uploads\/2023\/12\/Lagenheter-Till-Salu-final.png?fit=1200%2C800&ssl=1&resize=525%2C300 1.5x, https:\/\/i0.wp.com\/katterjokk.nu\/wp-content\/uploads\/2023\/12\/Lagenheter-Till-Salu-final.png?fit=1200%2C800&ssl=1&resize=700%2C400 2x, https:\/\/i0.wp.com\/katterjokk.nu\/wp-content\/uploads\/2023\/12\/Lagenheter-Till-Salu-final.png?fit=1200%2C800&ssl=1&resize=1050%2C600 3x"},"classes":[]},{"id":2826,"url":"https:\/\/katterjokk.nu\/es\/alojamiento\/","url_meta":{"origin":74,"position":1},"title":"Nuestros apartamentos","author":"ebbehjalmsson71daily","date":"septiembre 6, 2025","format":false,"excerpt":"Accomodation in Riksgr\u00e4nsen Katterj\u00e5kk The apartments are practical and comfortable, newly built ahead of the 2024 winter. Each apartment accommodates up to 6 people. Two separate bedrooms and a sofa bed in the living room. The kitchen is fully equipped and the bathroom has a shower and WC. The apartments\u2026","rel":"","context":"Entrada similar","block_context":{"text":"Entrada similar","link":""},"img":{"alt_text":"","src":"https:\/\/i0.wp.com\/katterjokk.nu\/wp-content\/uploads\/2024\/12\/1an-sovrum.jpg?resize=350%2C200","width":350,"height":200,"srcset":"https:\/\/i0.wp.com\/katterjokk.nu\/wp-content\/uploads\/2024\/12\/1an-sovrum.jpg?resize=350%2C200 1x, https:\/\/i0.wp.com\/katterjokk.nu\/wp-content\/uploads\/2024\/12\/1an-sovrum.jpg?resize=525%2C300 1.5x, https:\/\/i0.wp.com\/katterjokk.nu\/wp-content\/uploads\/2024\/12\/1an-sovrum.jpg?resize=700%2C400 2x, https:\/\/i0.wp.com\/katterjokk.nu\/wp-content\/uploads\/2024\/12\/1an-sovrum.jpg?resize=1050%2C600 3x, https:\/\/i0.wp.com\/katterjokk.nu\/wp-content\/uploads\/2024\/12\/1an-sovrum.jpg?resize=1400%2C800 4x"},"classes":[]},{"id":188,"url":"https:\/\/katterjokk.nu\/es\/reservar\/","url_meta":{"origin":74,"position":2},"title":"Precios y reservas","author":"ebbehjalmsson71daily","date":"diciembre 4, 2023","format":false,"excerpt":"Enjoy 10% off your stay in Riksgr\u00e4nsen by booking early ! Now open: Winter 2026 reservations in Riksgr\u00e4nsen \u2013 Katterj\u00e5kk. Book early for the best dates and a discounted price with code \"Earlybird\" ! (By booking directly with us,\u00a0you get a 10% discount on your stay !) No payment and\u2026","rel":"","context":"Entrada similar","block_context":{"text":"Entrada similar","link":""},"img":{"alt_text":"","src":"https:\/\/i0.wp.com\/katterjokk.nu\/wp-content\/uploads\/2025\/09\/IMG_2974.jpg?resize=350%2C200&ssl=1","width":350,"height":200,"srcset":"https:\/\/i0.wp.com\/katterjokk.nu\/wp-content\/uploads\/2025\/09\/IMG_2974.jpg?resize=350%2C200&ssl=1 1x, https:\/\/i0.wp.com\/katterjokk.nu\/wp-content\/uploads\/2025\/09\/IMG_2974.jpg?resize=525%2C300&ssl=1 1.5x, https:\/\/i0.wp.com\/katterjokk.nu\/wp-content\/uploads\/2025\/09\/IMG_2974.jpg?resize=700%2C400&ssl=1 2x, https:\/\/i0.wp.com\/katterjokk.nu\/wp-content\/uploads\/2025\/09\/IMG_2974.jpg?resize=1050%2C600&ssl=1 3x, https:\/\/i0.wp.com\/katterjokk.nu\/wp-content\/uploads\/2025\/09\/IMG_2974.jpg?resize=1400%2C800&ssl=1 4x"},"classes":[]},{"id":490,"url":"https:\/\/katterjokk.nu\/es\/betalningen-misslyckades\/","url_meta":{"origin":74,"position":3},"title":"Betalningen misslyckades","author":"","date":"abril 6, 2024","format":false,"excerpt":"We're sorry, but your transaction failed to process. Please try again or contact site support.","rel":"","context":"Entrada similar","block_context":{"text":"Entrada similar","link":""},"img":{"alt_text":"","src":"","width":0,"height":0},"classes":[]},{"id":209,"url":"https:\/\/katterjokk.nu\/es\/terminos-y-condiciones\/","url_meta":{"origin":74,"position":4},"title":"Pol\u00edtica de cancelaci\u00f3n Apartamentos Katterjokk","author":"ebbehjalmsson71daily","date":"diciembre 12, 2023","format":false,"excerpt":"Booking onlineWhen booking, 100% of the amount must be paid. A booking is considered validwhen Katterj\u00e5kk Apartments has received the payment, and the booker, has receiveda written confirmation of the booking from Katterj\u00e5kk Apartments.Booking via phone\/emailWhen booking by phone or email, you will receive an invoice for the booking amount(100%).\u2026","rel":"","context":"Entrada similar","block_context":{"text":"Entrada similar","link":""},"img":{"alt_text":"","src":"","width":0,"height":0},"classes":[]},{"id":2648,"url":"https:\/\/katterjokk.nu\/es\/verano\/","url_meta":{"origin":74,"position":5},"title":"Verano en Riksgr\u00e4nsen - Katterj\u00e5kk: Aventuras \u00e1rticas bajo el sol de medianoche","author":"ebbehjalmsson71daily","date":"agosto 10, 2025","format":false,"excerpt":"When winter\u2019s deep snow finally melts, Riksgr\u00e4nsen and Katterj\u00e5kk reveal a completely different kind of magic. Perched high above the Arctic Circle, this legendary ski region transforms into a summer playground where the sun barely sets, wildflowers carpet the valleys, and the mountains invite endless exploration. The Midnight Sun Experience\u2026","rel":"","context":"Entrada similar","block_context":{"text":"Entrada similar","link":""},"img":{"alt_text":"Riksgr\u00e4nsen summer landscape","src":"https:\/\/i0.wp.com\/katterjokk.nu\/wp-content\/uploads\/2023\/11\/21.jpg?resize=350%2C200&ssl=1","width":350,"height":200,"srcset":"https:\/\/i0.wp.com\/katterjokk.nu\/wp-content\/uploads\/2023\/11\/21.jpg?resize=350%2C200&ssl=1 1x, https:\/\/i0.wp.com\/katterjokk.nu\/wp-content\/uploads\/2023\/11\/21.jpg?resize=525%2C300&ssl=1 1.5x, https:\/\/i0.wp.com\/katterjokk.nu\/wp-content\/uploads\/2023\/11\/21.jpg?resize=700%2C400&ssl=1 2x, https:\/\/i0.wp.com\/katterjokk.nu\/wp-content\/uploads\/2023\/11\/21.jpg?resize=1050%2C600&ssl=1 3x, https:\/\/i0.wp.com\/katterjokk.nu\/wp-content\/uploads\/2023\/11\/21.jpg?resize=1400%2C800&ssl=1 4x"},"classes":[]}],"_links":{"self":[{"href":"https:\/\/katterjokk.nu\/es\/wp-json\/wp\/v2\/pages\/74","targetHints":{"allow":["GET"]}}],"collection":[{"href":"https:\/\/katterjokk.nu\/es\/wp-json\/wp\/v2\/pages"}],"about":[{"href":"https:\/\/katterjokk.nu\/es\/wp-json\/wp\/v2\/types\/page"}],"author":[{"embeddable":true,"href":"https:\/\/katterjokk.nu\/es\/wp-json\/wp\/v2\/users\/235949099"}],"replies":[{"embeddable":true,"href":"https:\/\/katterjokk.nu\/es\/wp-json\/wp\/v2\/comments?post=74"}],"version-history":[{"count":7,"href":"https:\/\/katterjokk.nu\/es\/wp-json\/wp\/v2\/pages\/74\/revisions"}],"predecessor-version":[{"id":3207,"href":"https:\/\/katterjokk.nu\/es\/wp-json\/wp\/v2\/pages\/74\/revisions\/3207"}],"wp:attachment":[{"href":"https:\/\/katterjokk.nu\/es\/wp-json\/wp\/v2\/media?parent=74"}],"curies":[{"name":"wp","href":"https:\/\/api.w.org\/{rel}","templated":true}]}}